{"id":127,"date":"2018-09-12T16:39:24","date_gmt":"2018-09-12T16:39:24","guid":{"rendered":"http:\/\/classic.one.peakteam.co\/?page_id=127"},"modified":"2022-05-30T16:06:01","modified_gmt":"2022-05-30T16:06:01","slug":"kontakt","status":"publish","type":"page","link":"https:\/\/francistident.com\/sk\/kontakt\/","title":{"rendered":"Kontakt"},"content":{"rendered":"<div class=\"wpb-content-wrapper\"><section data-custom-animations=\"true\" data-ca-options='{\"triggerHandler\":\"inview\",\"animationTarget\":\".wpb_column\",\"duration\":\"1200\",\"delay\":100,\"easing\":\"easeOutQuint\",\"direction\":\"forward\",\"initValues\":{\"translateY\":44,\"opacity\":0},\"animations\":{\"translateY\":0,\"opacity\":1}}' class=\"vc_row wpb_row vc_row-fluid vc_custom_1546254183777 row-contains-padding-top row-contains-padding-bottom liquid-row-shadowbox-69e08645263fc vc_row-o-equal-height vc_row-flex\"><div class=\"ld-container container\"><div class=\"row ld-row\"><style>@media (min-width: 992px) { .liquid-column-responsive-69e0864526826 > .vc_column-inner > .wpb_wrapper {margin-bottom:0px !important; padding-left:7% !important;  }  } <\/style><div class=\"wpb_column vc_column_container vc_col-sm-12 vc_col-md-6 liquid-column-69e0864526825 liquid-column-responsive-69e0864526826\"><div class=\"vc_column-inner\"><div class=\"wpb_wrapper vc_custom_1545125147802\"   ><div class=\"wpb_wrapper-inner\"><style>.ld_fancy_heading_69e08645268f8 h2{font-weight:300;color:rgb(26, 28, 38);}.ld_fancy_heading_69e08645268f8 h2 {padding-bottom:35px !important;  } @media (min-width: 1200px) { .ld_fancy_heading_69e08645268f8 h2 {padding-bottom:50px !important;  }  } .ld_fancy_heading_69e08645268f8 .lqd-highlight-inner{height:0.275em;bottom:0px;}.ld_fancy_heading_69e08645268f8 h2 {padding-bottom:35px !important;  } @media (min-width: 1200px) { .ld_fancy_heading_69e08645268f8 h2 {padding-bottom:50px !important;  }  } <\/style><div class=\"ld-fancy-heading ld_fancy_heading_69e08645268f8\">\n\t<h2 class=\"lqd-highlight-underline lqd-highlight-grow-left h3\" ><span class=\"ld-fh-txt\"> Kontaktuj n\u00e1s<\/span><\/h2><\/div><div class=\"vc_separator wpb_content_element vc_separator_align_center vc_sep_width_100 vc_sep_pos_align_center vc_separator_no_text\" ><span class=\"vc_sep_holder vc_sep_holder_l\"><span style=\"border-color:#fff9f9;\" class=\"vc_sep_line\"><\/span><\/span><span class=\"vc_sep_holder vc_sep_holder_r\"><span style=\"border-color:#fff9f9;\" class=\"vc_sep_line\"><\/span><\/span>\n<\/div><div class=\"vc_row wpb_row vc_inner vc_row-fluid liquid-row-shadowbox-69e0864526d14\"><div class=\"wpb_column vc_column_container vc_col-sm-6 liquid-column-69e0864526f57\"><div class=\"vc_column-inner\"><div class=\"wpb_wrapper\"  ><div class=\"wpb_wrapper-inner\">\n\t<div class=\"wpb_text_column wpb_content_element  vc_custom_1598721000333\" >\n\t\t<div class=\"wpb_wrapper\">\n\t\t\t<p><span style=\"font-size: 16px; color: #222324;\">Adresa<\/span><\/p>\n<p><span style=\"font-size: 15px; color: #666666;\">13. Oktobra 32,<\/span><br \/>\n<span style=\"font-size: 15px; color: #666666;\">Kisa\u010d 21211, Srbsko<\/span><\/p>\n\n\t\t<\/div>\n\t<\/div>\n<\/div><\/div><\/div><\/div><div class=\"wpb_column vc_column_container vc_col-sm-6 liquid-column-69e0864527214\"><div class=\"vc_column-inner\"><div class=\"wpb_wrapper\"  ><div class=\"wpb_wrapper-inner\">\n\t<div class=\"wpb_text_column wpb_content_element  vc_custom_1653926759327\" >\n\t\t<div class=\"wpb_wrapper\">\n\t\t\t<p><span style=\"font-size: 16px; color: #222324;\">Zavolajte n\u00e1m<\/span><\/p>\n<p><span style=\"font-size: 15px; color: #666666;\">+381 64 265 58 11<\/span><br \/>\n<span style=\"font-size: 15px; color: #666666;\">francistident@gmail.com<\/span><\/p>\n\n\t\t<\/div>\n\t<\/div>\n<\/div><\/div><\/div><\/div><\/div><div class=\"vc_separator wpb_content_element vc_separator_align_center vc_sep_width_100 vc_sep_pos_align_center vc_separator_no_text\" ><span class=\"vc_sep_holder vc_sep_holder_l\"><span style=\"border-color:#f7f9fb;\" class=\"vc_sep_line\"><\/span><\/span><span class=\"vc_sep_holder vc_sep_holder_r\"><span style=\"border-color:#f7f9fb;\" class=\"vc_sep_line\"><\/span><\/span>\n<\/div>\n\t<div class=\"wpb_raw_code wpb_content_element wpb_raw_html\" >\n\t\t<div class=\"wpb_wrapper\">\n\t\t\t<iframe loading=\"lazy\" src=\"https:\/\/www.google.com\/maps\/embed?pb=!1m18!1m12!1m3!1d2804.3568379313615!2d19.721531241138287!3d45.34160858359995!2m3!1f0!2f0!3f0!3m2!1i1024!2i768!4f13.1!3m3!1m2!1s0x475b15b039cd8143%3A0x958def58a12fa01f!2sFrancisti%20Dent%20-%20stomatolo%C5%A1ka%20ordinacija!5e0!3m2!1sen!2sus!4v1598712266007!5m2!1sen!2sus\" width=\"800\" height=\"460\" frameborder=\"0\" style=\"border:0;\" allowfullscreen=\"false\" aria-hidden=\"false\" tabindex=\"0\"><\/iframe>\n\t\t<\/div>\n\t<\/div>\n<\/div><\/div><\/div><\/div><div class=\"wpb_column vc_column_container vc_col-sm-12 vc_col-md-offset-1 vc_col-md-5 text-center liquid-column-69e08645276d0 vc_col-has-fill\"><div class=\"vc_column-inner\"><div class=\"wpb_wrapper vc_custom_1545128189389\"   ><div class=\"wpb_wrapper-inner\"><style>.ld_fancy_heading_69e086452778a h2{font-weight:300;color:rgb(26, 28, 38);}.ld_fancy_heading_69e086452778a h2 {margin-bottom:10px !important;  } .ld_fancy_heading_69e086452778a .lqd-highlight-inner{height:0.275em;bottom:0px;}.ld_fancy_heading_69e086452778a h2 {margin-bottom:10px !important;  } <\/style><div class=\"ld-fancy-heading ld_fancy_heading_69e086452778a\">\n\t<h2 class=\"lqd-highlight-underline lqd-highlight-grow-left h3\" ><span class=\"ld-fh-txt\"> Po\u0161lite n\u00e1m spr\u00e1vu<\/span><\/h2><\/div><style>.ld_spacer_69e086452784b{height:10px;}<\/style>\n<div class=\"ld-empty-space ld_spacer_69e086452784b\"><span class=\"liquid_empty_space_inner\"><\/span><\/div>\n\t<div class=\"wpb_text_column wpb_content_element\" >\n\t\t<div class=\"wpb_wrapper\">\n\t\t\t<p><span style=\"color: #73747f; font-size: 15px; line-height: 26px;\">-<\/span><\/p>\n\n\t\t<\/div>\n\t<\/div>\n<style>.ld_spacer_69e0864527936{height:35px;}<\/style>\n<div class=\"ld-empty-space ld_spacer_69e0864527936\"><span class=\"liquid_empty_space_inner\"><\/span><\/div><style>.ld_cf7_69e08645279b8 input,.ld_cf7_69e08645279b8 textarea,.ld_cf7_69e08645279b8 .ui-selectmenu-button{font-size:14px;font-weight:400;}.ld_cf7_69e08645279b8 input[type=\"submit\"], .ld_cf7_69e08645279b8 button[type=\"submit\"]{font-size:15px;color:rgb(0, 0, 0);}.ld_cf7_69e08645279b8 input:focus, .ld_cf7_69e08645279b8 select:focus, .ld_cf7_69e08645279b8 textarea:focus, .ld_cf7_69e08645279b8 .ui-selectmenu-button:hover{background:rgb(238, 243, 248);color:rgb(94, 96, 98);}.ld_cf7_69e08645279b8 input, .ld_cf7_69e08645279b8 select, .ld_cf7_69e08645279b8 textarea, .ld_cf7_69e08645279b8 .ui-selectmenu-button{color:rgb(111, 114, 116);}.ld_cf7_69e08645279b8 input[type=\"submit\"]:focus,.ld_cf7_69e08645279b8 input[type=\"submit\"]:hover, .ld_cf7_69e08645279b8 button[type=\"submit\"]:focus, .ld_cf7_69e08645279b8 button[type=\"submit\"]:hover{background:rgb(34, 35, 36);}.ld_cf7_69e08645279b8 input[type=\"submit\"]:hover, .ld_cf7_69e08645279b8 button[type=\"submit\"]:hover{color:rgb(245, 227, 32);border-color:rgb(34, 35, 36);}<\/style><div id=\"ld_cf7_69e08645279b8\" class=\"lqd-contact-form ld_cf7_69e08645279b8 vc_custom_1598722610523\">\n\t\n<div class=\"wpcf7 no-js\" id=\"wpcf7-f131-o1\" lang=\"en-US\" dir=\"ltr\">\n<div class=\"screen-reader-response\"><p role=\"status\" aria-live=\"polite\" aria-atomic=\"true\"><\/p> <ul><\/ul><\/div>\n<form action=\"\/sk\/wp-json\/wp\/v2\/pages\/127#wpcf7-f131-o1\" method=\"post\" class=\"wpcf7-form init\" aria-label=\"Contact form\" novalidate=\"novalidate\" data-status=\"init\" data-trp-original-action=\"\/sk\/wp-json\/wp\/v2\/pages\/127#wpcf7-f131-o1\">\n<div style=\"display: none;\">\n<input type=\"hidden\" name=\"_wpcf7\" value=\"131\" \/>\n<input type=\"hidden\" name=\"_wpcf7_version\" value=\"5.9.8\" \/>\n<input type=\"hidden\" name=\"_wpcf7_locale\" value=\"en_US\" \/>\n<input type=\"hidden\" name=\"_wpcf7_unit_tag\" value=\"wpcf7-f131-o1\" \/>\n<input type=\"hidden\" name=\"_wpcf7_container_post\" value=\"0\" \/>\n<input type=\"hidden\" name=\"_wpcf7_posted_data_hash\" value=\"\" \/>\n<\/div>\n<p><span class=\"wpcf7-form-control-wrap\" data-name=\"imeprezime\"><input size=\"40\" maxlength=\"400\" class=\"wpcf7-form-control wpcf7-text wpcf7-validates-as-required\" aria-required=\"true\" aria-invalid=\"false\" placeholder=\"Meno a priezvisko\" value=\"\" type=\"text\" name=\"imeprezime\" \/><\/span><span class=\"wpcf7-form-control-wrap\" data-name=\"emailadresa\"><input size=\"40\" maxlength=\"400\" class=\"wpcf7-form-control wpcf7-email wpcf7-validates-as-required wpcf7-text wpcf7-validates-as-email\" aria-required=\"true\" aria-invalid=\"false\" placeholder=\"Tvoj email\" value=\"\" type=\"email\" name=\"emailadresa\" \/><\/span><span class=\"wpcf7-form-control-wrap\" data-name=\"telbroj\"><input size=\"40\" maxlength=\"400\" class=\"wpcf7-form-control wpcf7-tel wpcf7-validates-as-required wpcf7-text wpcf7-validates-as-tel\" aria-required=\"true\" aria-invalid=\"false\" placeholder=\"Telef\u00f3nne \u010d\u00edslo\" value=\"\" type=\"tel\" name=\"telbroj\" \/><\/span><span class=\"wpcf7-form-control-wrap\" data-name=\"textporuka\"><textarea cols=\"10\" rows=\"6\" maxlength=\"2000\" class=\"wpcf7-form-control wpcf7-textarea wpcf7-validates-as-required\" aria-required=\"true\" aria-invalid=\"false\" placeholder=\"Spr\u00e1va\" name=\"textporuka\"><\/textarea><\/span>\n<\/p>\n<p><input class=\"wpcf7-form-control wpcf7-submit has-spinner\" type=\"submit\" value=\"Odosla\u0165\" \/>\n<\/p><p style=\"display: none !important;\" class=\"akismet-fields-container\" data-prefix=\"_wpcf7_ak_\"><label>&#916;<textarea name=\"_wpcf7_ak_hp_textarea\" cols=\"45\" rows=\"8\" maxlength=\"100\"><\/textarea><\/label><input type=\"hidden\" id=\"ak_js_1\" name=\"_wpcf7_ak_js\" value=\"179\"\/><script>document.getElementById( \"ak_js_1\" ).setAttribute( \"value\", ( new Date() ).getTime() );<\/script><\/p><div class=\"wpcf7-response-output\" aria-hidden=\"true\"><\/div>\n<input type=\"hidden\" name=\"trp-form-language\" value=\"sk\"\/><\/form>\n<\/div>\n<\/div><\/div><\/div><\/div><\/div><\/div><\/div><\/section>\n<\/div>","protected":false},"excerpt":{"rendered":"Kontaktirajte nas Adresa 13. Oktobra 32, Kisa\u010d 21211, Srbija Pozovite nas +381 64 265 58...","protected":false},"author":1,"featured_media":4560,"parent":0,"menu_order":0,"comment_status":"closed","ping_status":"closed","template":"","meta":{"_monsterinsights_skip_tracking":false,"_monsterinsights_sitenote_active":false,"_monsterinsights_sitenote_note":"","_monsterinsights_sitenote_category":0,"footnotes":""},"yoast_head":"<!-- This site is optimized with the Yoast SEO plugin v23.3 - https:\/\/yoast.com\/wordpress\/plugins\/seo\/ -->\n<title>Kontakt - Stomatolo\u0161ka ordinacija &quot;Francisti Dent&quot; Kisa\u010d<\/title>\n<meta name=\"description\" content=\"Na\u0161a stomatolo\u0161ka ordinacija se nalazi u Kisa\u010du. Zaka\u017eite besplatan pregled ve\u0107 sad! Telefon: +381 64 265 58 11 | Email: mail@francistident.com\" \/>\n<meta name=\"robots\" content=\"index, follow, max-snippet:-1, max-image-preview:large, max-video-preview:-1\" \/>\n<link rel=\"canonical\" href=\"https:\/\/francistident.com\/sk\/kontakt\/\" \/>\n<meta property=\"og:locale\" content=\"sk_SK\" \/>\n<meta property=\"og:type\" content=\"article\" \/>\n<meta property=\"og:title\" content=\"Kontakt - Stomatolo\u0161ka ordinacija &quot;Francisti Dent&quot; Kisa\u010d\" \/>\n<meta property=\"og:description\" content=\"Na\u0161a stomatolo\u0161ka ordinacija se nalazi u Kisa\u010du. Zaka\u017eite besplatan pregled ve\u0107 sad! Telefon: +381 64 265 58 11 | Email: mail@francistident.com\" \/>\n<meta property=\"og:url\" content=\"https:\/\/francistident.com\/sk\/kontakt\/\" \/>\n<meta property=\"og:site_name\" content=\"Stomatolo\u0161ka ordinacija &quot;Francisti Dent&quot; Kisa\u010d\" \/>\n<meta property=\"article:publisher\" content=\"https:\/\/www.facebook.com\/francistident\" \/>\n<meta property=\"article:modified_time\" content=\"2022-05-30T16:06:01+00:00\" \/>\n<meta property=\"og:image\" content=\"https:\/\/francistident.com\/wp-content\/uploads\/2020\/09\/70284717_117945722918499_7980812159598723072_n-1.jpg\" \/>\n\t<meta property=\"og:image:width\" content=\"960\" \/>\n\t<meta property=\"og:image:height\" content=\"640\" \/>\n\t<meta property=\"og:image:type\" content=\"image\/jpeg\" \/>\n<meta name=\"twitter:label1\" content=\"Predpokladan\u00fd \u010das \u010d\u00edtania\" \/>\n\t<meta name=\"twitter:data1\" content=\"2 min\u00faty\" \/>\n<script type=\"application\/ld+json\" class=\"yoast-schema-graph\">{\"@context\":\"https:\/\/schema.org\",\"@graph\":[{\"@type\":\"WebPage\",\"@id\":\"https:\/\/francistident.com\/kontakt\/\",\"url\":\"https:\/\/francistident.com\/kontakt\/\",\"name\":\"Kontakt - Stomatolo\u0161ka ordinacija &quot;Francisti Dent&quot; Kisa\u010d\",\"isPartOf\":{\"@id\":\"https:\/\/francistident.com\/#website\"},\"primaryImageOfPage\":{\"@id\":\"https:\/\/francistident.com\/kontakt\/#primaryimage\"},\"image\":{\"@id\":\"https:\/\/francistident.com\/kontakt\/#primaryimage\"},\"thumbnailUrl\":\"https:\/\/francistident.com\/wp-content\/uploads\/2020\/09\/70284717_117945722918499_7980812159598723072_n-1.jpg\",\"datePublished\":\"2018-09-12T16:39:24+00:00\",\"dateModified\":\"2022-05-30T16:06:01+00:00\",\"description\":\"Na\u0161a stomatolo\u0161ka ordinacija se nalazi u Kisa\u010du. Zaka\u017eite besplatan pregled ve\u0107 sad! Telefon: +381 64 265 58 11 | Email: mail@francistident.com\",\"breadcrumb\":{\"@id\":\"https:\/\/francistident.com\/kontakt\/#breadcrumb\"},\"inLanguage\":\"sk-SK\",\"potentialAction\":[{\"@type\":\"ReadAction\",\"target\":[\"https:\/\/francistident.com\/kontakt\/\"]}]},{\"@type\":\"ImageObject\",\"inLanguage\":\"sk-SK\",\"@id\":\"https:\/\/francistident.com\/kontakt\/#primaryimage\",\"url\":\"https:\/\/francistident.com\/wp-content\/uploads\/2020\/09\/70284717_117945722918499_7980812159598723072_n-1.jpg\",\"contentUrl\":\"https:\/\/francistident.com\/wp-content\/uploads\/2020\/09\/70284717_117945722918499_7980812159598723072_n-1.jpg\",\"width\":960,\"height\":640,\"caption\":\"Stomatolog Kisa\u010d, Stomatolo\u0161ka ordinacija Francisti Dent, Stomatolo\u0161ka ordinacija Kisa\u010d, Stomatolo\u0161ka ordinacija Marina Francisti, Marina Francisti, Stomatolog Marina Francisti, Francisti dent, zubar, zubar Kisa\u010d, Zubarska ordinacija, Zubarska ordinacija Kisa\u010d\"},{\"@type\":\"BreadcrumbList\",\"@id\":\"https:\/\/francistident.com\/kontakt\/#breadcrumb\",\"itemListElement\":[{\"@type\":\"ListItem\",\"position\":1,\"name\":\"Home\",\"item\":\"https:\/\/francistident.com\/\"},{\"@type\":\"ListItem\",\"position\":2,\"name\":\"Kontakt\"}]},{\"@type\":\"WebSite\",\"@id\":\"https:\/\/francistident.com\/#website\",\"url\":\"https:\/\/francistident.com\/\",\"name\":\"Stomatolo\u0161ka ordinacija &quot;Francisti Dent&quot; Kisa\u010d\",\"description\":\"Marina Francisti\",\"potentialAction\":[{\"@type\":\"SearchAction\",\"target\":{\"@type\":\"EntryPoint\",\"urlTemplate\":\"https:\/\/francistident.com\/?s={search_term_string}\"},\"query-input\":\"required name=search_term_string\"}],\"inLanguage\":\"sk-SK\"}]}<\/script>\n<!-- \/ Yoast SEO plugin. -->","yoast_head_json":{"title":"Kontakt - Stomatolo\u0161ka ordinacija &quot;Francisti Dent&quot; Kisa\u010d","description":"Na\u0161a stomatolo\u0161ka ordinacija se nalazi u Kisa\u010du. Zaka\u017eite besplatan pregled ve\u0107 sad! Telefon: +381 64 265 58 11 | Email: mail@francistident.com","robots":{"index":"index","follow":"follow","max-snippet":"max-snippet:-1","max-image-preview":"max-image-preview:large","max-video-preview":"max-video-preview:-1"},"canonical":"https:\/\/francistident.com\/sk\/kontakt\/","og_locale":"sk_SK","og_type":"article","og_title":"Kontakt - Stomatolo\u0161ka ordinacija &quot;Francisti Dent&quot; Kisa\u010d","og_description":"Na\u0161a stomatolo\u0161ka ordinacija se nalazi u Kisa\u010du. Zaka\u017eite besplatan pregled ve\u0107 sad! Telefon: +381 64 265 58 11 | Email: mail@francistident.com","og_url":"https:\/\/francistident.com\/sk\/kontakt\/","og_site_name":"Stomatolo\u0161ka ordinacija &quot;Francisti Dent&quot; Kisa\u010d","article_publisher":"https:\/\/www.facebook.com\/francistident","article_modified_time":"2022-05-30T16:06:01+00:00","og_image":[{"width":960,"height":640,"url":"https:\/\/francistident.com\/wp-content\/uploads\/2020\/09\/70284717_117945722918499_7980812159598723072_n-1.jpg","type":"image\/jpeg"}],"twitter_misc":{"Predpokladan\u00fd \u010das \u010d\u00edtania":"2 min\u00faty"},"schema":{"@context":"https:\/\/schema.org","@graph":[{"@type":"WebPage","@id":"https:\/\/francistident.com\/kontakt\/","url":"https:\/\/francistident.com\/kontakt\/","name":"Kontakt - Stomatolo\u0161ka ordinacija &quot;Francisti Dent&quot; Kisa\u010d","isPartOf":{"@id":"https:\/\/francistident.com\/#website"},"primaryImageOfPage":{"@id":"https:\/\/francistident.com\/kontakt\/#primaryimage"},"image":{"@id":"https:\/\/francistident.com\/kontakt\/#primaryimage"},"thumbnailUrl":"https:\/\/francistident.com\/wp-content\/uploads\/2020\/09\/70284717_117945722918499_7980812159598723072_n-1.jpg","datePublished":"2018-09-12T16:39:24+00:00","dateModified":"2022-05-30T16:06:01+00:00","description":"Na\u0161a stomatolo\u0161ka ordinacija se nalazi u Kisa\u010du. Zaka\u017eite besplatan pregled ve\u0107 sad! Telefon: +381 64 265 58 11 | Email: mail@francistident.com","breadcrumb":{"@id":"https:\/\/francistident.com\/kontakt\/#breadcrumb"},"inLanguage":"sk-SK","potentialAction":[{"@type":"ReadAction","target":["https:\/\/francistident.com\/kontakt\/"]}]},{"@type":"ImageObject","inLanguage":"sk-SK","@id":"https:\/\/francistident.com\/kontakt\/#primaryimage","url":"https:\/\/francistident.com\/wp-content\/uploads\/2020\/09\/70284717_117945722918499_7980812159598723072_n-1.jpg","contentUrl":"https:\/\/francistident.com\/wp-content\/uploads\/2020\/09\/70284717_117945722918499_7980812159598723072_n-1.jpg","width":960,"height":640,"caption":"Stomatolog Kisa\u010d, Stomatolo\u0161ka ordinacija Francisti Dent, Stomatolo\u0161ka ordinacija Kisa\u010d, Stomatolo\u0161ka ordinacija Marina Francisti, Marina Francisti, Stomatolog Marina Francisti, Francisti dent, zubar, zubar Kisa\u010d, Zubarska ordinacija, Zubarska ordinacija Kisa\u010d"},{"@type":"BreadcrumbList","@id":"https:\/\/francistident.com\/kontakt\/#breadcrumb","itemListElement":[{"@type":"ListItem","position":1,"name":"Home","item":"https:\/\/francistident.com\/"},{"@type":"ListItem","position":2,"name":"Kontakt"}]},{"@type":"WebSite","@id":"https:\/\/francistident.com\/#website","url":"https:\/\/francistident.com\/","name":"Stomatolo\u0161ka ordinacija &quot;Francisti Dent&quot; Kisa\u010d","description":"Marina Francisti","potentialAction":[{"@type":"SearchAction","target":{"@type":"EntryPoint","urlTemplate":"https:\/\/francistident.com\/?s={search_term_string}"},"query-input":"required name=search_term_string"}],"inLanguage":"sk-SK"}]}},"_links":{"self":[{"href":"https:\/\/francistident.com\/sk\/wp-json\/wp\/v2\/pages\/127"}],"collection":[{"href":"https:\/\/francistident.com\/sk\/wp-json\/wp\/v2\/pages"}],"about":[{"href":"https:\/\/francistident.com\/sk\/wp-json\/wp\/v2\/types\/page"}],"author":[{"embeddable":true,"href":"https:\/\/francistident.com\/sk\/wp-json\/wp\/v2\/users\/1"}],"replies":[{"embeddable":true,"href":"https:\/\/francistident.com\/sk\/wp-json\/wp\/v2\/comments?post=127"}],"version-history":[{"count":31,"href":"https:\/\/francistident.com\/sk\/wp-json\/wp\/v2\/pages\/127\/revisions"}],"predecessor-version":[{"id":5283,"href":"https:\/\/francistident.com\/sk\/wp-json\/wp\/v2\/pages\/127\/revisions\/5283"}],"wp:featuredmedia":[{"embeddable":true,"href":"https:\/\/francistident.com\/sk\/wp-json\/wp\/v2\/media\/4560"}],"wp:attachment":[{"href":"https:\/\/francistident.com\/sk\/wp-json\/wp\/v2\/media?parent=127"}],"curies":[{"name":"wp","href":"https:\/\/api.w.org\/{rel}","templated":true}]}}