{"id":4201,"date":"2020-08-30T13:47:56","date_gmt":"2020-08-30T13:47:56","guid":{"rendered":"https:\/\/francistident.com\/?page_id=4201"},"modified":"2025-01-06T07:27:30","modified_gmt":"2025-01-06T07:27:30","slug":"cenovnik","status":"publish","type":"page","link":"https:\/\/francistident.com\/sk\/cenovnik\/","title":{"rendered":"Cenn\u00edk"},"content":{"rendered":"<div class=\"wpb-content-wrapper\"><section class=\"vc_row wpb_row vc_row-fluid liquid-row-shadowbox-69df35e3ec047\"><div class=\"ld-container container\"><div class=\"row ld-row\"><div class=\"wpb_column vc_column_container vc_col-sm-12 liquid-column-69df35e3ec459\"><div class=\"vc_column-inner\"><div class=\"wpb_wrapper\"   ><div class=\"wpb_wrapper-inner\">\n\t<div class=\"wpb_text_column wpb_content_element\" >\n\t\t<div class=\"wpb_wrapper\">\n\t\t\t<p><center><\/p>\n\n\t\t<\/div>\n\t<\/div>\n<\/div><\/div><\/div><\/div><\/div><\/div><\/section><style>@media (min-width: 768px) { .liquid-row-responsive-69df35e3ec7df {padding-top:50px !important;  }  } @media (min-width: 992px) { .liquid-row-responsive-69df35e3ec7df {padding-top:60px !important;  }  } @media (min-width: 1200px) { .liquid-row-responsive-69df35e3ec7df {padding-top:50px !important; padding-bottom:40px !important;  }  }   <\/style><section data-custom-animations=\"true\" data-ca-options='{\"triggerHandler\":\"inview\",\"animationTarget\":\".wpb_column\",\"duration\":\"1200\",\"delay\":100,\"easing\":\"easeOutQuint\",\"direction\":\"forward\",\"initValues\":{\"translateY\":44,\"opacity\":0},\"animations\":{\"translateY\":0,\"opacity\":1}}' class=\"vc_row wpb_row vc_row-fluid vc_custom_1645740310090 row-contains-padding-top row-contains-padding-bottom liquid-row-responsive-69df35e3ec7df liquid-row-shadowbox-69df35e3ec7f8 vc_row-o-content-middle vc_row-flex\"><div class=\"ld-container container\"><div class=\"row ld-row\"><div class=\"wpb_column vc_column_container vc_col-sm-2 text-center liquid-column-69df35e3eca39\"><div class=\"vc_column-inner\"><div class=\"wpb_wrapper\"   ><div class=\"wpb_wrapper-inner\"><\/div><\/div><\/div><\/div><div class=\"wpb_column vc_column_container vc_col-sm-8 liquid-column-69df35e3ecc1f\"><div class=\"vc_column-inner\"><div class=\"wpb_wrapper\"   ><div class=\"wpb_wrapper-inner\"><style>.ld_fancy_heading_69df35e3eccce .lqd-highlight-inner{height:0.275em;bottom:0px;}<\/style><div class=\"ld-fancy-heading text-center ld_fancy_heading_69df35e3eccce\">\n\t<h3 class=\"lqd-highlight-underline lqd-highlight-grow-left\" ><span class=\"ld-fh-txt\"> CENN\u00cdK od 1.1.2025.<\/span><\/h3><\/div><style>.ld_fancy_heading_69df35e3ecede p {padding-bottom:20px !important;  } @media (min-width: 1200px) { .ld_fancy_heading_69df35e3ecede p {padding-bottom:20px !important;  }  } .ld_fancy_heading_69df35e3ecede .lqd-highlight-inner{height:0.275em;bottom:0px;}.ld_fancy_heading_69df35e3ecede p {padding-bottom:20px !important;  } @media (min-width: 1200px) { .ld_fancy_heading_69df35e3ecede p {padding-bottom:20px !important;  }  } <\/style><div class=\"ld-fancy-heading text-center ld_fancy_heading_69df35e3ecede\">\n\t<p class=\"lqd-highlight-underline lqd-highlight-grow-left\" ><span class=\"ld-fh-txt\"> Stomatologick\u00e1 ordin\u00e1cia <strong>Francisti Dent<\/strong> - Ceny naj\u010dastej\u0161\u00edch v\u00fdkonov:<\/span><\/p><\/div>\n\t<div class=\"wpb_raw_code wpb_content_element wpb_raw_html\" >\n\t\t<div class=\"wpb_wrapper\">\n\t\t\t\n\t\t<\/div>\n\t<\/div>\n\n\t<div class=\"wpb_raw_code wpb_content_element wpb_raw_html\" >\n\t\t<div class=\"wpb_wrapper\">\n\t\t\t \n<div id=\"footable_parent_5444\"\n         class=\"footable_parent ninja_table_wrapper loading_ninja_table wp_table_data_press_parent semantic_ui\">\n                <table data-ninja_table_instance=\"ninja_table_instance_0\" data-footable_id=\"5444\" data-filter-delay=\"1000\" aria-label=\"SK NOVO 2025\"            id=\"footable_5444\"\n           data-unique_identifier=\"ninja_table_unique_id_3290395236_5444\"\n           class=\"foo-table ninja_footable foo_table_5444 ninja_table_unique_id_3290395236_5444 ui table  nt_hide_breakpoint_labels nt_type_ajax_table selectable compact vertical_centered  footable-paging-right ninja_table_search_disabled\">\n                <colgroup>\n                            <col class=\"ninja_column_0\">\n                            <col class=\"ninja_column_1\">\n                    <\/colgroup>\n            <\/table>\n    \n    \n    \n<\/div>\n\n\n\t\t<\/div>\n\t<\/div>\n<\/div><\/div><\/div><\/div><div class=\"wpb_column vc_column_container vc_col-sm-2 liquid-column-69df35e3f0ade\"><div class=\"vc_column-inner\"><div class=\"wpb_wrapper\"   ><div class=\"wpb_wrapper-inner\"><\/div><\/div><\/div><\/div><\/div><\/div><\/section><section class=\"vc_row wpb_row vc_row-fluid liquid-row-shadowbox-69df35e3f0e27\"><div class=\"ld-container container\"><div class=\"row ld-row\"><div class=\"wpb_column vc_column_container vc_col-sm-12 liquid-column-69df35e3f1174\"><div class=\"vc_column-inner\"><div class=\"wpb_wrapper\"   ><div class=\"wpb_wrapper-inner\">\n\t<div class=\"wpb_text_column wpb_content_element\" >\n\t\t<div class=\"wpb_wrapper\">\n\t\t\t<p><\/center><\/p>\n\n\t\t<\/div>\n\t<\/div>\n<\/div><\/div><\/div><\/div><\/div><\/div><\/section>\n<\/div>","protected":false},"excerpt":{"rendered":"CENOVNIK od 01.01.2025. Stomatolo\u0161ka ordinacija Francisti Dent - Cene naj\u010de\u0161\u0107ih usluga:","protected":false},"author":1,"featured_media":4559,"parent":0,"menu_order":0,"comment_status":"closed","ping_status":"closed","template":"","meta":{"_monsterinsights_skip_tracking":false,"_monsterinsights_sitenote_active":false,"_monsterinsights_sitenote_note":"","_monsterinsights_sitenote_category":0,"footnotes":""},"yoast_head":"<!-- This site is optimized with the Yoast SEO plugin v23.3 - https:\/\/yoast.com\/wordpress\/plugins\/seo\/ -->\n<title>Cenovnik - Stomatolo\u0161ka ordinacija &quot;Francisti Dent&quot; Kisa\u010d<\/title>\n<meta name=\"description\" content=\"Pristupa\u010dne cene stomatolo\u0161kih usluga. Preventivna i de\u010dija stomatologija, parodontologija, protetika, oralna hirurgija, beljenje zuba, ortodoncija.\" \/>\n<meta name=\"robots\" content=\"index, follow, max-snippet:-1, max-image-preview:large, max-video-preview:-1\" \/>\n<link rel=\"canonical\" href=\"https:\/\/francistident.com\/sk\/cenovnik\/\" \/>\n<meta property=\"og:locale\" content=\"sk_SK\" \/>\n<meta property=\"og:type\" content=\"article\" \/>\n<meta property=\"og:title\" content=\"Cenovnik - Stomatolo\u0161ka ordinacija &quot;Francisti Dent&quot; Kisa\u010d\" \/>\n<meta property=\"og:description\" content=\"Pristupa\u010dne cene stomatolo\u0161kih usluga. Preventivna i de\u010dija stomatologija, parodontologija, protetika, oralna hirurgija, beljenje zuba, ortodoncija.\" \/>\n<meta property=\"og:url\" content=\"https:\/\/francistident.com\/sk\/cenovnik\/\" \/>\n<meta property=\"og:site_name\" content=\"Stomatolo\u0161ka ordinacija &quot;Francisti Dent&quot; Kisa\u010d\" \/>\n<meta property=\"article:publisher\" content=\"https:\/\/www.facebook.com\/francistident\" \/>\n<meta property=\"article:modified_time\" content=\"2025-01-06T07:27:30+00:00\" \/>\n<meta property=\"og:image\" content=\"https:\/\/francistident.com\/wp-content\/uploads\/2020\/09\/69921894_117945682918503_1568693245305683968_n.jpg\" \/>\n\t<meta property=\"og:image:width\" content=\"960\" \/>\n\t<meta property=\"og:image:height\" content=\"640\" \/>\n\t<meta property=\"og:image:type\" content=\"image\/jpeg\" \/>\n<meta name=\"twitter:label1\" content=\"Predpokladan\u00fd \u010das \u010d\u00edtania\" \/>\n\t<meta name=\"twitter:data1\" content=\"1 min\u00fata\" \/>\n<script type=\"application\/ld+json\" class=\"yoast-schema-graph\">{\"@context\":\"https:\/\/schema.org\",\"@graph\":[{\"@type\":\"WebPage\",\"@id\":\"https:\/\/francistident.com\/cenovnik\/\",\"url\":\"https:\/\/francistident.com\/cenovnik\/\",\"name\":\"Cenovnik - Stomatolo\u0161ka ordinacija &quot;Francisti Dent&quot; Kisa\u010d\",\"isPartOf\":{\"@id\":\"https:\/\/francistident.com\/#website\"},\"primaryImageOfPage\":{\"@id\":\"https:\/\/francistident.com\/cenovnik\/#primaryimage\"},\"image\":{\"@id\":\"https:\/\/francistident.com\/cenovnik\/#primaryimage\"},\"thumbnailUrl\":\"https:\/\/francistident.com\/wp-content\/uploads\/2020\/09\/69921894_117945682918503_1568693245305683968_n.jpg\",\"datePublished\":\"2020-08-30T13:47:56+00:00\",\"dateModified\":\"2025-01-06T07:27:30+00:00\",\"description\":\"Pristupa\u010dne cene stomatolo\u0161kih usluga. Preventivna i de\u010dija stomatologija, parodontologija, protetika, oralna hirurgija, beljenje zuba, ortodoncija.\",\"breadcrumb\":{\"@id\":\"https:\/\/francistident.com\/cenovnik\/#breadcrumb\"},\"inLanguage\":\"sk-SK\",\"potentialAction\":[{\"@type\":\"ReadAction\",\"target\":[\"https:\/\/francistident.com\/cenovnik\/\"]}]},{\"@type\":\"ImageObject\",\"inLanguage\":\"sk-SK\",\"@id\":\"https:\/\/francistident.com\/cenovnik\/#primaryimage\",\"url\":\"https:\/\/francistident.com\/wp-content\/uploads\/2020\/09\/69921894_117945682918503_1568693245305683968_n.jpg\",\"contentUrl\":\"https:\/\/francistident.com\/wp-content\/uploads\/2020\/09\/69921894_117945682918503_1568693245305683968_n.jpg\",\"width\":960,\"height\":640,\"caption\":\"Stomatolog Kisa\u010d, Stomatolo\u0161ka ordinacija Francisti Dent, Stomatolo\u0161ka ordinacija Kisa\u010d, Stomatolo\u0161ka ordinacija Marina Francisti, Marina Francisti, Stomatolog Marina Francisti, Francisti dent, zubar, zubar Kisa\u010d, Zubarska ordinacija, Zubarska ordinacija Kisa\u010d\"},{\"@type\":\"BreadcrumbList\",\"@id\":\"https:\/\/francistident.com\/cenovnik\/#breadcrumb\",\"itemListElement\":[{\"@type\":\"ListItem\",\"position\":1,\"name\":\"Home\",\"item\":\"https:\/\/francistident.com\/\"},{\"@type\":\"ListItem\",\"position\":2,\"name\":\"Cenovnik\"}]},{\"@type\":\"WebSite\",\"@id\":\"https:\/\/francistident.com\/#website\",\"url\":\"https:\/\/francistident.com\/\",\"name\":\"Stomatolo\u0161ka ordinacija &quot;Francisti Dent&quot; Kisa\u010d\",\"description\":\"Marina Francisti\",\"potentialAction\":[{\"@type\":\"SearchAction\",\"target\":{\"@type\":\"EntryPoint\",\"urlTemplate\":\"https:\/\/francistident.com\/?s={search_term_string}\"},\"query-input\":\"required name=search_term_string\"}],\"inLanguage\":\"sk-SK\"}]}<\/script>\n<!-- \/ Yoast SEO plugin. -->","yoast_head_json":{"title":"Cenovnik - Stomatolo\u0161ka ordinacija &quot;Francisti Dent&quot; Kisa\u010d","description":"Pristupa\u010dne cene stomatolo\u0161kih usluga. Preventivna i de\u010dija stomatologija, parodontologija, protetika, oralna hirurgija, beljenje zuba, ortodoncija.","robots":{"index":"index","follow":"follow","max-snippet":"max-snippet:-1","max-image-preview":"max-image-preview:large","max-video-preview":"max-video-preview:-1"},"canonical":"https:\/\/francistident.com\/sk\/cenovnik\/","og_locale":"sk_SK","og_type":"article","og_title":"Cenovnik - Stomatolo\u0161ka ordinacija &quot;Francisti Dent&quot; Kisa\u010d","og_description":"Pristupa\u010dne cene stomatolo\u0161kih usluga. Preventivna i de\u010dija stomatologija, parodontologija, protetika, oralna hirurgija, beljenje zuba, ortodoncija.","og_url":"https:\/\/francistident.com\/sk\/cenovnik\/","og_site_name":"Stomatolo\u0161ka ordinacija &quot;Francisti Dent&quot; Kisa\u010d","article_publisher":"https:\/\/www.facebook.com\/francistident","article_modified_time":"2025-01-06T07:27:30+00:00","og_image":[{"width":960,"height":640,"url":"https:\/\/francistident.com\/wp-content\/uploads\/2020\/09\/69921894_117945682918503_1568693245305683968_n.jpg","type":"image\/jpeg"}],"twitter_misc":{"Predpokladan\u00fd \u010das \u010d\u00edtania":"1 min\u00fata"},"schema":{"@context":"https:\/\/schema.org","@graph":[{"@type":"WebPage","@id":"https:\/\/francistident.com\/cenovnik\/","url":"https:\/\/francistident.com\/cenovnik\/","name":"Cenovnik - Stomatolo\u0161ka ordinacija &quot;Francisti Dent&quot; Kisa\u010d","isPartOf":{"@id":"https:\/\/francistident.com\/#website"},"primaryImageOfPage":{"@id":"https:\/\/francistident.com\/cenovnik\/#primaryimage"},"image":{"@id":"https:\/\/francistident.com\/cenovnik\/#primaryimage"},"thumbnailUrl":"https:\/\/francistident.com\/wp-content\/uploads\/2020\/09\/69921894_117945682918503_1568693245305683968_n.jpg","datePublished":"2020-08-30T13:47:56+00:00","dateModified":"2025-01-06T07:27:30+00:00","description":"Pristupa\u010dne cene stomatolo\u0161kih usluga. Preventivna i de\u010dija stomatologija, parodontologija, protetika, oralna hirurgija, beljenje zuba, ortodoncija.","breadcrumb":{"@id":"https:\/\/francistident.com\/cenovnik\/#breadcrumb"},"inLanguage":"sk-SK","potentialAction":[{"@type":"ReadAction","target":["https:\/\/francistident.com\/cenovnik\/"]}]},{"@type":"ImageObject","inLanguage":"sk-SK","@id":"https:\/\/francistident.com\/cenovnik\/#primaryimage","url":"https:\/\/francistident.com\/wp-content\/uploads\/2020\/09\/69921894_117945682918503_1568693245305683968_n.jpg","contentUrl":"https:\/\/francistident.com\/wp-content\/uploads\/2020\/09\/69921894_117945682918503_1568693245305683968_n.jpg","width":960,"height":640,"caption":"Stomatolog Kisa\u010d, Stomatolo\u0161ka ordinacija Francisti Dent, Stomatolo\u0161ka ordinacija Kisa\u010d, Stomatolo\u0161ka ordinacija Marina Francisti, Marina Francisti, Stomatolog Marina Francisti, Francisti dent, zubar, zubar Kisa\u010d, Zubarska ordinacija, Zubarska ordinacija Kisa\u010d"},{"@type":"BreadcrumbList","@id":"https:\/\/francistident.com\/cenovnik\/#breadcrumb","itemListElement":[{"@type":"ListItem","position":1,"name":"Home","item":"https:\/\/francistident.com\/"},{"@type":"ListItem","position":2,"name":"Cenovnik"}]},{"@type":"WebSite","@id":"https:\/\/francistident.com\/#website","url":"https:\/\/francistident.com\/","name":"Stomatolo\u0161ka ordinacija &quot;Francisti Dent&quot; Kisa\u010d","description":"Marina Francisti","potentialAction":[{"@type":"SearchAction","target":{"@type":"EntryPoint","urlTemplate":"https:\/\/francistident.com\/?s={search_term_string}"},"query-input":"required name=search_term_string"}],"inLanguage":"sk-SK"}]}},"_links":{"self":[{"href":"https:\/\/francistident.com\/sk\/wp-json\/wp\/v2\/pages\/4201"}],"collection":[{"href":"https:\/\/francistident.com\/sk\/wp-json\/wp\/v2\/pages"}],"about":[{"href":"https:\/\/francistident.com\/sk\/wp-json\/wp\/v2\/types\/page"}],"author":[{"embeddable":true,"href":"https:\/\/francistident.com\/sk\/wp-json\/wp\/v2\/users\/1"}],"replies":[{"embeddable":true,"href":"https:\/\/francistident.com\/sk\/wp-json\/wp\/v2\/comments?post=4201"}],"version-history":[{"count":42,"href":"https:\/\/francistident.com\/sk\/wp-json\/wp\/v2\/pages\/4201\/revisions"}],"predecessor-version":[{"id":5342,"href":"https:\/\/francistident.com\/sk\/wp-json\/wp\/v2\/pages\/4201\/revisions\/5342"}],"wp:featuredmedia":[{"embeddable":true,"href":"https:\/\/francistident.com\/sk\/wp-json\/wp\/v2\/media\/4559"}],"wp:attachment":[{"href":"https:\/\/francistident.com\/sk\/wp-json\/wp\/v2\/media?parent=4201"}],"curies":[{"name":"wp","href":"https:\/\/api.w.org\/{rel}","templated":true}]}}